{"id":1322,"date":"2024-10-23T18:09:39","date_gmt":"2024-10-23T18:09:39","guid":{"rendered":"https:\/\/www.architekt-hickmann.it\/?page_id=1322"},"modified":"2024-10-23T18:24:08","modified_gmt":"2024-10-23T18:24:08","slug":"impressum-und-datenschutzerklarung","status":"publish","type":"page","link":"https:\/\/www.architekt-hickmann.it\/?page_id=1322","title":{"rendered":"Impressum und Datenschutzerkl\u00e4rung"},"content":{"rendered":"\n<h3 class=\"wp-block-heading\"><strong>Impressum<\/strong><\/h3>\n\n\n\n<p><strong>Angaben gem\u00e4\u00df \u00a7 5 TMG:<\/strong><br>Thomas Erich Hickmann<br>Hauptstra\u00dfe 11<br>39028 Schlanders, Italien<\/p>\n\n\n\n<p><strong>Vertreten durch:<\/strong><br>Thomas Erich Hickmann<\/p>\n\n\n\n<p><strong>Kontakt:<\/strong><br>Telefon: +39 0473 732279<br>E-Mail: <a href=\"mailto:architekt@hickmann.it\">architekt@hickmann.it<\/a><\/p>\n\n\n\n<p><strong>Berufsbezeichnung:<\/strong><br>Architekt, verliehen in der Bundesrepublik Deutschland<\/p>\n\n\n\n<p><strong>Zust\u00e4ndige Kammer:<\/strong><br>Bayerische Architektenkammer (BayAK)<\/p>\n\n\n\n<p><strong>Verantwortlich f\u00fcr den Inhalt nach \u00a7 55 Abs. 2 RStV:<\/strong><br>Thomas Erich Hickmann<br>Hauptstra\u00dfe 11<br>39028 Schlanders, Italien<\/p>\n\n\n\n<hr class=\"wp-block-separator has-alpha-channel-opacity\"\/>\n\n\n\n<h3 class=\"wp-block-heading\"><strong>Haftungsausschluss<\/strong><\/h3>\n\n\n\n<h4 class=\"wp-block-heading\"><strong>Haftung f\u00fcr Inhalte<\/strong><\/h4>\n\n\n\n<p>Die Inhalte unserer Website wurden mit gr\u00f6\u00dftm\u00f6glicher Sorgfalt erstellt. Dennoch \u00fcbernehmen wir keine Gew\u00e4hr f\u00fcr die Richtigkeit, Vollst\u00e4ndigkeit und Aktualit\u00e4t der bereitgestellten Inhalte. Gem\u00e4\u00df \u00a7 7 Abs.1 TMG sind wir als Diensteanbieter f\u00fcr eigene Inhalte auf diesen Seiten verantwortlich. Nach \u00a7\u00a7 8 bis 10 TMG sind wir jedoch nicht verpflichtet, fremde Informationen zu \u00fcberwachen oder nach Umst\u00e4nden zu suchen, die auf eine rechtswidrige T\u00e4tigkeit hinweisen. Bei Bekanntwerden von Rechtsverletzungen werden wir diese Inhalte umgehend entfernen.<\/p>\n\n\n\n<h4 class=\"wp-block-heading\"><strong>Haftung f\u00fcr Links<\/strong><\/h4>\n\n\n\n<p>Unsere Webseite enth\u00e4lt Links zu externen Webseiten Dritter, auf deren Inhalte wir keinen Einfluss haben. Deshalb \u00fcbernehmen wir keine Gew\u00e4hr f\u00fcr diese fremden Inhalte. Verantwortlich ist jeweils der Betreiber der verlinkten Seiten. Zum Zeitpunkt der Verlinkung wurden diese auf m\u00f6gliche Rechtsverst\u00f6\u00dfe \u00fcberpr\u00fcft, illegale Inhalte waren zu diesem Zeitpunkt nicht erkennbar. Eine permanente inhaltliche Kontrolle der verlinkten Seiten erfolgt nur bei konkreten Hinweisen auf Rechtsverst\u00f6\u00dfe. Bei Bekanntwerden von Verst\u00f6\u00dfen werden wir solche Links umgehend entfernen.<\/p>\n\n\n\n<hr class=\"wp-block-separator has-alpha-channel-opacity\"\/>\n\n\n\n<h3 class=\"wp-block-heading\"><strong>Urheberrecht<\/strong><\/h3>\n\n\n\n<p>Die auf dieser Website ver\u00f6ffentlichten Inhalte und Werke unterliegen dem deutschen Urheberrecht. Jegliche Vervielf\u00e4ltigung, Bearbeitung, Verbreitung und Verwertung au\u00dferhalb der urheberrechtlichen Grenzen bedarf der schriftlichen Zustimmung des jeweiligen Autors oder Erstellers. Inhalte Dritter sind als solche gekennzeichnet. Sollten Sie auf eine Urheberrechtsverletzung aufmerksam werden, bitten wir um einen entsprechenden Hinweis. Bei Bekanntwerden von Rechtsverst\u00f6\u00dfen werden wir betroffene Inhalte umgehend entfernen.<\/p>\n\n\n\n<hr class=\"wp-block-separator has-alpha-channel-opacity\"\/>\n\n\n\n<h3 class=\"wp-block-heading\"><strong>Datenschutzerkl\u00e4rung<\/strong><\/h3>\n\n\n\n<h4 class=\"wp-block-heading\"><strong>Datenschutz<\/strong><\/h4>\n\n\n\n<p>Die Nutzung unserer Website ist in der Regel ohne Angabe personenbezogener Daten m\u00f6glich. Personenbezogene Daten wie Name, Anschrift oder E-Mail-Adresse werden nur erhoben, wenn dies freiwillig erfolgt. Diese Daten werden ohne Ihre ausdr\u00fcckliche Zustimmung nicht an Dritte weitergegeben.<\/p>\n\n\n\n<h4 class=\"wp-block-heading\"><strong>Daten\u00fcbertragung im Internet<\/strong><\/h4>\n\n\n\n<p>Wir weisen darauf hin, dass die \u00dcbertragung von Daten im Internet (z. B. per E-Mail) Sicherheitsl\u00fccken aufweisen kann. Ein l\u00fcckenloser Schutz der Daten vor dem Zugriff durch Dritte ist nicht m\u00f6glich.<\/p>\n\n\n\n<h4 class=\"wp-block-heading\"><strong>Widerspruch gegen Werbe-E-Mails<\/strong><\/h4>\n\n\n\n<p>Der Nutzung der im Rahmen der Impressumspflicht ver\u00f6ffentlichten Kontaktdaten zur \u00dcbersendung von nicht ausdr\u00fccklich angeforderter Werbung und Informationsmaterialien wird hiermit widersprochen. Die Betreiber der Seiten behalten sich rechtliche Schritte im Falle der unverlangten Zusendung von Werbeinformationen, etwa durch Spam-E-Mails, vor.<\/p>\n\n\n\n<h4 class=\"wp-block-heading\"><strong>Google Analytics<\/strong><\/h4>\n\n\n\n<p>Diese Website nutzt Google Analytics, einen Webanalysedienst der Google Inc. Google Analytics verwendet sogenannte \u201eCookies\u201c, kleine Textdateien, die auf Ihrem Computer gespeichert werden und die eine Analyse der Benutzung der Website erm\u00f6glichen. Die durch den Cookie erzeugten Informationen \u00fcber Ihre Nutzung dieser Website werden in der Regel an einen Server von Google in den USA \u00fcbertragen und dort gespeichert.<\/p>\n\n\n\n<p>Google verwendet diese Informationen, um die Nutzung der Website auszuwerten und Berichte \u00fcber die Websiteaktivit\u00e4ten zu erstellen. Sie k\u00f6nnen die Speicherung der Cookies durch eine entsprechende Einstellung Ihrer Browser-Software verhindern, in diesem Fall k\u00f6nnten jedoch einige Funktionen der Website eingeschr\u00e4nkt sein.<\/p>\n\n\n\n<h4 class=\"wp-block-heading\"><strong>Google AdSense<\/strong><\/h4>\n\n\n\n<p>Diese Website nutzt Google AdSense, einen Dienst zur Einbindung von Werbeanzeigen. Google AdSense verwendet Cookies und Web Beacons, um Informationen \u00fcber die Nutzung der Website durch den Besucher zu sammeln. Die durch den Cookie und Web Beacon erzeugten Informationen werden an Google-Server \u00fcbertragen. Diese Daten werden verwendet, um Werbeanzeigen basierend auf den Interessen der Nutzer zu schalten.<\/p>\n\n\n\n<hr class=\"wp-block-separator has-alpha-channel-opacity\"\/>\n\n\n\n<p><strong>Hinweis:<\/strong><br>Dieses Impressum und die Datenschutzerkl\u00e4rung basieren auf allgemeinen rechtlichen Anforderungen und sind Mithilfe des <a href=\"https:\/\/www.impressum-generator.de\">Impressum Generator<\/a> der <a href=\"https:\/\/www.kanzlei-hasselbach.de\">Kanzlei Hasselbach, Rechtsanw\u00e4lte f\u00fcr Arbeitsrecht und Familienrecht<\/a> erstellt worden.<\/p>\n","protected":false},"excerpt":{"rendered":"<p>Impressum Angaben gem\u00e4\u00df \u00a7 5 TMG:Thomas Erich HickmannHauptstra\u00dfe 1139028 Schlanders, Italien Vertreten durch:Thomas Erich Hickmann Kontakt:Telefon: +39 0473 732279E-Mail: architekt@hickmann.it Berufsbezeichnung:Architekt, verliehen in der Bundesrepublik Deutschland Zust\u00e4ndige Kammer:Bayerische Architektenkammer (BayAK) Verantwortlich f\u00fcr den Inhalt nach \u00a7 55 Abs. 2 RStV:Thomas Erich HickmannHauptstra\u00dfe 1139028 Schlanders, Italien Haftungsausschluss Haftung f\u00fcr Inhalte Die Inhalte unserer Website wurden mit [&hellip;]<\/p>\n","protected":false},"author":1,"featured_media":0,"parent":0,"menu_order":0,"comment_status":"closed","ping_status":"closed","template":"","meta":{"site-sidebar-layout":"default","site-content-layout":"","ast-site-content-layout":"default","site-content-style":"default","site-sidebar-style":"default","ast-global-header-display":"","ast-banner-title-visibility":"","ast-main-header-display":"","ast-hfb-above-header-display":"","ast-hfb-below-header-display":"","ast-hfb-mobile-header-display":"","site-post-title":"","ast-breadcrumbs-content":"","ast-featured-img":"","footer-sml-layout":"","theme-transparent-header-meta":"","adv-header-id-meta":"","stick-header-meta":"","header-above-stick-meta":"","header-main-stick-meta":"","header-below-stick-meta":"","astra-migrate-meta-layouts":"set","ast-page-background-enabled":"default","ast-page-background-meta":{"desktop":{"background-color":"var(--ast-global-color-4)","background-image":"","background-repeat":"repeat","background-position":"center center","background-size":"auto","background-attachment":"scroll","background-type":"","background-media":"","overlay-type":"","overlay-color":"","overlay-opacity":"","overlay-gradient":""},"tablet":{"background-color":"","background-image":"","background-repeat":"repeat","background-position":"center center","background-size":"auto","background-attachment":"scroll","background-type":"","background-media":"","overlay-type":"","overlay-color":"","overlay-opacity":"","overlay-gradient":""},"mobile":{"background-color":"","background-image":"","background-repeat":"repeat","background-position":"center center","background-size":"auto","background-attachment":"scroll","background-type":"","background-media":"","overlay-type":"","overlay-color":"","overlay-opacity":"","overlay-gradient":""}},"ast-content-background-meta":{"desktop":{"background-color":"var(--ast-global-color-5)","background-image":"","background-repeat":"repeat","background-position":"center center","background-size":"auto","background-attachment":"scroll","background-type":"","background-media":"","overlay-type":"","overlay-color":"","overlay-opacity":"","overlay-gradient":""},"tablet":{"background-color":"var(--ast-global-color-5)","background-image":"","background-repeat":"repeat","background-position":"center center","background-size":"auto","background-attachment":"scroll","background-type":"","background-media":"","overlay-type":"","overlay-color":"","overlay-opacity":"","overlay-gradient":""},"mobile":{"background-color":"var(--ast-global-color-5)","background-image":"","background-repeat":"repeat","background-position":"center center","background-size":"auto","background-attachment":"scroll","background-type":"","background-media":"","overlay-type":"","overlay-color":"","overlay-opacity":"","overlay-gradient":""}},"footnotes":""},"class_list":["post-1322","page","type-page","status-publish","hentry"],"_links":{"self":[{"href":"https:\/\/www.architekt-hickmann.it\/index.php?rest_route=\/wp\/v2\/pages\/1322","targetHints":{"allow":["GET"]}}],"collection":[{"href":"https:\/\/www.architekt-hickmann.it\/index.php?rest_route=\/wp\/v2\/pages"}],"about":[{"href":"https:\/\/www.architekt-hickmann.it\/index.php?rest_route=\/wp\/v2\/types\/page"}],"author":[{"embeddable":true,"href":"https:\/\/www.architekt-hickmann.it\/index.php?rest_route=\/wp\/v2\/users\/1"}],"replies":[{"embeddable":true,"href":"https:\/\/www.architekt-hickmann.it\/index.php?rest_route=%2Fwp%2Fv2%2Fcomments&post=1322"}],"version-history":[{"count":3,"href":"https:\/\/www.architekt-hickmann.it\/index.php?rest_route=\/wp\/v2\/pages\/1322\/revisions"}],"predecessor-version":[{"id":1325,"href":"https:\/\/www.architekt-hickmann.it\/index.php?rest_route=\/wp\/v2\/pages\/1322\/revisions\/1325"}],"wp:attachment":[{"href":"https:\/\/www.architekt-hickmann.it\/index.php?rest_route=%2Fwp%2Fv2%2Fmedia&parent=1322"}],"curies":[{"name":"wp","href":"https:\/\/api.w.org\/{rel}","templated":true}]}}